{"id":20,"date":"2026-01-19T11:22:49","date_gmt":"2026-01-19T11:22:49","guid":{"rendered":"https:\/\/impalaya8380.live-website.com\/en\/?page_id=20"},"modified":"2026-02-24T16:09:06","modified_gmt":"2026-02-24T16:09:06","slug":"quienes-somos","status":"publish","type":"page","link":"https:\/\/impalaya.com\/fr\/quienes-somos\/","title":{"rendered":"QUI SOMMES-NOUS ?"},"content":{"rendered":"\n<div class=\"wp-block-columns is-layout-flex wp-container-core-columns-is-layout-32c14db7 wp-block-columns-is-layout-flex\" style=\"margin-top:0px;margin-bottom:0px;padding-top:0px;padding-right:var(--wp--preset--spacing--80);padding-bottom:0px;padding-left:var(--wp--preset--spacing--80)\">\n<div class=\"wp-block-column is-layout-flow wp-container-core-column-is-layout-96dfdac3 wp-block-column-is-layout-flow\" style=\"padding-top:0px;padding-bottom:0px\">\n<figure class=\"wp-block-image size-full\" style=\"margin-top:0px;margin-bottom:0px\"><img loading=\"lazy\" decoding=\"async\" width=\"2509\" height=\"1787\" src=\"https:\/\/impalaya8380.live-website.com\/wp-content\/uploads\/2026\/01\/Foto-Linkedin_Webp.webp\" alt=\"\" class=\"wp-image-458\" srcset=\"https:\/\/impalaya.com\/wp-content\/uploads\/2026\/01\/Foto-Linkedin_Webp.webp 2509w, https:\/\/impalaya.com\/wp-content\/uploads\/2026\/01\/Foto-Linkedin_Webp-300x214.webp 300w, https:\/\/impalaya.com\/wp-content\/uploads\/2026\/01\/Foto-Linkedin_Webp-1024x729.webp 1024w, https:\/\/impalaya.com\/wp-content\/uploads\/2026\/01\/Foto-Linkedin_Webp-768x547.webp 768w, https:\/\/impalaya.com\/wp-content\/uploads\/2026\/01\/Foto-Linkedin_Webp-1536x1094.webp 1536w, https:\/\/impalaya.com\/wp-content\/uploads\/2026\/01\/Foto-Linkedin_Webp-2048x1459.webp 2048w\" sizes=\"auto, (max-width: 2509px) 100vw, 2509px\" \/><\/figure>\n<\/div>\n\n\n\n<div class=\"wp-block-column is-layout-flow wp-block-column-is-layout-flow\" style=\"padding-top:var(--wp--preset--spacing--50);padding-bottom:var(--wp--preset--spacing--50)\">\n<p>Je m\u2019appelle Willy et je suis passionn\u00e9 par le team building depuis pr\u00e8s de dix ans.<\/p>\n\n\n\n<p>Au cours de cette d\u00e9cennie, j\u2019ai eu l\u2019opportunit\u00e9 de renforcer la coh\u00e9sion d\u2019\u00e9quipes diverses gr\u00e2ce \u00e0 des exp\u00e9riences uniques et inoubliables, combinant plaisir, cr\u00e9ativit\u00e9 et apprentissage.<\/p>\n\n\n\n<p>Cette passion et cette exp\u00e9rience m\u2019ont conduit \u00e0 cr\u00e9er Impalaya, avec pour objectif de proposer des activit\u00e9s sur mesure, con\u00e7ues pour stimuler la collaboration, la cr\u00e9ativit\u00e9 et le bien-\u00eatre au sein de votre \u00e9quipe.<\/p>\n\n\n\n<p>Chaque \u00e9v\u00e9nement est pens\u00e9 pour vous aider \u00e0 atteindre vos objectifs d\u2019entreprise tout en partageant des moments m\u00e9morables et enrichissants avec vos collaborateurs.<\/p>\n\n\n\n<p>Pour garantir ces exp\u00e9riences, je m\u2019entoure depuis des ann\u00e9es d\u2019une \u00e9quipe de professionnels exp\u00e9riment\u00e9s, tant dans l\u2019animation que dans chacune des activit\u00e9s que nous proposons, afin de vous offrir la meilleure exp\u00e9rience de team building possible en Espagne.<\/p>\n\n\n\n<div class=\"wp-block-buttons is-content-justification-center is-layout-flex wp-container-core-buttons-is-layout-2b343fce wp-block-buttons-is-layout-flex\" style=\"margin-top:0;margin-bottom:0;padding-top:var(--wp--preset--spacing--40);padding-bottom:var(--wp--preset--spacing--40)\">\n<div class=\"wp-block-button\"><a class=\"wp-block-button__link wp-element-button\" href=\"https:\/\/www.linkedin.com\/in\/team-building-willy-cousseau\/\" target=\"_blank\" rel=\"noopener\">ALLER voir mon LINKEDIN<\/a><\/div>\n<\/div>\n<\/div>\n<\/div>\n\n\n\n<div class=\"wp-block-group has-purple-bg-background-color has-background is-vertical is-content-justification-center is-layout-flex wp-container-core-group-is-layout-f9e8cc50 wp-block-group-is-layout-flex\" style=\"margin-top:0px;margin-bottom:0px;padding-top:0px;padding-right:0;padding-bottom:0px;padding-left:0\">\n<div class=\"wp-block-group rotated-title cropped invert is-horizontal is-content-justification-center is-nowrap is-layout-flex wp-container-core-group-is-layout-73fb49d3 wp-block-group-is-layout-flex\" style=\"margin-top:0px;margin-bottom:0px;padding-top:var(--wp--preset--spacing--30);padding-right:var(--wp--preset--spacing--20);padding-bottom:var(--wp--preset--spacing--30);padding-left:var(--wp--preset--spacing--20)\">\n<h2 class=\"wp-block-heading has-border-color has-base-color has-text-color has-background has-link-color wp-elements-ac3c529dc2015d549341cfed9cedf87f\" style=\"border-color:#111111;border-radius:15px;background:var(--wp--preset--color--gradient-bg);font-style:normal;font-weight:700\">POURQUOI IMPALAYA?<\/h2>\n<\/div>\n<\/div>\n\n\n\n<div class=\"wp-block-columns has-purple-bg-background-color has-background is-layout-flex wp-container-core-columns-is-layout-66238d01 wp-block-columns-is-layout-flex\" style=\"margin-top:0;margin-bottom:0;padding-top:0px;padding-right:0;padding-bottom:0px;padding-left:var(--wp--preset--spacing--80)\">\n<div class=\"wp-block-column is-vertically-aligned-stretch is-layout-flow wp-block-column-is-layout-flow\">\n<div class=\"wp-block-group is-vertical is-content-justification-left is-layout-flex wp-container-core-group-is-layout-dd225191 wp-block-group-is-layout-flex\">\n<p class=\"has-base-color has-text-color has-link-color wp-elements-993aa32b86ccc241eb4f11625408490a\"><strong>Impalaya est la combinaison de deux termes : Impala et Himalaya.<\/strong><br>L\u2019impala repr\u00e9sente la communaut\u00e9 : il vit en groupe et c\u2019est l\u00e0 que r\u00e9side sa force. L\u2019Himalaya, quant \u00e0 lui, symbolise la destination, l\u2019objectif \u00e0 atteindre. De cette union na\u00eet Impalaya : unis pour atteindre le sommet.<\/p>\n\n\n\n<p class=\"has-base-color has-text-color has-link-color wp-elements-7fb8c524d086a71f1e6a47665d428e71\">Nous avons cr\u00e9\u00e9 ce collectif pour apporter des solutions aux agences \u00e9v\u00e9nementielles \u00e0 la recherche d\u2019activit\u00e9s originales, car il faut toujours de nouvelles id\u00e9es. Nous nous effor\u00e7ons de proposer une large gamme d\u2019exp\u00e9riences pour les entreprises dans toutes les villes d\u2019Espagne.<\/p>\n\n\n\n<p class=\"has-base-color has-text-color has-link-color wp-elements-1f8fe81ef092e36590295a1139fe1c3b\">Parfois, nous travaillons avec des concepts de team building totalement innovants ; d\u2019autres fois, nous nous inspirons d\u2019activit\u00e9s existantes et y ajoutons notre touche unique. Comme on le dit souvent, la diff\u00e9rence se trouve dans les d\u00e9tails. Et l\u2019un des plus importants est le facteur humain.<\/p>\n\n\n\n<p class=\"has-base-color has-text-color has-link-color wp-elements-d2f2cd4e7d8bdcde2c94ce682d0670fe\">Notre \u00e9quipe comprend des acteurs et artistes qui connaissent parfaitement le secteur MICE et comprennent l\u2019importance de chaque d\u00e9tail. Nous ne pouvons pas toujours tout personnaliser, mais nous visons la flexibilit\u00e9 et, surtout, une ambiance exceptionnelle, car c\u2019est de l\u00e0 que na\u00eet la coh\u00e9sion que nous voulons cr\u00e9er gr\u00e2ce \u00e0 nos activit\u00e9s de team building.<\/p>\n\n\n\n<p class=\"has-base-color has-text-color has-link-color wp-elements-df9575573d3406338de8fe4fbc7d5549\">Apr\u00e8s avoir particip\u00e9 \u00e0 l\u2019une de nos activit\u00e9s, vos \u00e9quipes se sentiront plus int\u00e9gr\u00e9es et fi\u00e8res de faire partie de l\u2019entreprise. Nous veillons \u00e0 la professionnalit\u00e9 de chaque exp\u00e9rience pour que l\u2019image de votre entreprise soit la plus impactante possible.<\/p>\n\n\n\n<p class=\"has-text-align-left has-base-color has-text-color has-link-color wp-elements-939e2e3c254caffae2d5207e50b636b0\">\u00c0 bient\u00f4t pour cr\u00e9er ensemble des moments inoubliables !<\/p>\n\n\n\n<div class=\"wp-block-buttons is-horizontal is-content-justification-center is-layout-flex wp-container-core-buttons-is-layout-cb64d22c wp-block-buttons-is-layout-flex\" style=\"margin-bottom:var(--wp--preset--spacing--30);padding-top:var(--wp--preset--spacing--40);padding-bottom:var(--wp--preset--spacing--40)\">\n<div class=\"wp-block-button\"><a class=\"wp-block-button__link has-text-align-left wp-element-button\" href=\"https:\/\/impalaya.com\/fr\/proyectos\/\">Voir nos projets<\/a><\/div>\n<\/div>\n<\/div>\n<\/div>\n\n\n\n<div class=\"wp-block-column is-vertically-aligned-center is-layout-flow wp-block-column-is-layout-flow\" style=\"padding-top:0;padding-right:0;padding-bottom:0;padding-left:0\">\n<div class=\"wp-block-group is-content-justification-center is-nowrap is-layout-flex wp-container-core-group-is-layout-23441af8 wp-block-group-is-layout-flex\">\n<figure class=\"wp-block-image size-full has-custom-border img-max-height-33-vh\" style=\"margin-top:var(--wp--preset--spacing--30);margin-right:var(--wp--preset--spacing--50);margin-bottom:var(--wp--preset--spacing--50);margin-left:var(--wp--preset--spacing--50)\"><img loading=\"lazy\" decoding=\"async\" width=\"1250\" height=\"1250\" src=\"https:\/\/impalaya8380.live-website.com\/wp-content\/uploads\/2026\/01\/Qr-MOnkey_Webp.webp\" alt=\"\" class=\"wp-image-468\" style=\"border-top-left-radius:16px;border-top-right-radius:16px;border-bottom-left-radius:16px;border-bottom-right-radius:16px\" srcset=\"https:\/\/impalaya.com\/wp-content\/uploads\/2026\/01\/Qr-MOnkey_Webp.webp 1250w, https:\/\/impalaya.com\/wp-content\/uploads\/2026\/01\/Qr-MOnkey_Webp-300x300.webp 300w, https:\/\/impalaya.com\/wp-content\/uploads\/2026\/01\/Qr-MOnkey_Webp-1024x1024.webp 1024w, https:\/\/impalaya.com\/wp-content\/uploads\/2026\/01\/Qr-MOnkey_Webp-150x150.webp 150w, https:\/\/impalaya.com\/wp-content\/uploads\/2026\/01\/Qr-MOnkey_Webp-768x768.webp 768w\" sizes=\"auto, (max-width: 1250px) 100vw, 1250px\" \/><\/figure>\n<\/div>\n<\/div>\n<\/div>\n\n\n<div class=\"wp-block-columns is-layout-flex wp-container-core-columns-is-layout-249dfc9d wp-block-columns-is-layout-flex\" style=\"margin-top:0px;margin-bottom:0px;padding-top:0px;padding-bottom:0px\">\n<div class=\"wp-block-column is-vertically-aligned-stretch is-layout-flow wp-container-core-column-is-layout-01ce68bf wp-block-column-is-layout-flow\" style=\"border-style:none;border-width:0px;border-top-left-radius:0px;border-top-right-radius:0px;border-bottom-left-radius:0px;border-bottom-right-radius:0px;padding-top:0px;padding-bottom:0px;padding-left:0\">\n<div class=\"wp-block-group rotated-title cropped absolute is-content-justification-center is-nowrap is-layout-flex wp-container-core-group-is-layout-8351913e wp-block-group-is-layout-flex\" style=\"min-height:0px;margin-top:0;margin-bottom:0;padding-top:var(--wp--preset--spacing--30);padding-right:0;padding-bottom:var(--wp--preset--spacing--30);padding-left:0\">\n<h2 class=\"wp-block-heading has-border-color has-base-color has-text-color has-background has-link-color wp-elements-7c5e23cd253174507901322d71bd4744\" style=\"border-color:#111111;border-radius:15px;background:var(--wp--preset--color--gradient-bg);padding-top:70px;padding-right:var(--wp--preset--spacing--30);padding-bottom:var(--wp--preset--spacing--30);padding-left:var(--wp--preset--spacing--30);font-style:normal;font-weight:700\">CONTACT<\/h2>\n<\/div>\n\n\n\n<div style=\"height:75px\" aria-hidden=\"true\" class=\"wp-block-spacer\"><\/div>\n\n\n\n<div class=\"wp-block-group is-content-justification-center is-nowrap is-layout-flex wp-container-core-group-is-layout-bff5e968 wp-block-group-is-layout-flex\" style=\"margin-top:var(--wp--preset--spacing--50);margin-bottom:var(--wp--preset--spacing--50)\">\n  <form method=\"post\" class=\"acf-form\"\n    style=\"background-color: var(--wp--preset--color--purple-bg); color: white\">\n    <input type=\"text\" name=\"website\" style=\"display:none;\">\n    <input type=\"hidden\" id=\"acf_form_nonce\" name=\"acf_form_nonce\" value=\"82a16569f9\" \/><input type=\"hidden\" name=\"_wp_http_referer\" value=\"\/fr\/wp-json\/wp\/v2\/pages\/20\" \/>\n    <div class=\"input-container\">\n              <div class=\"input-content\">\n          <label>Entreprise<\/label>\n          <input type=\"text\" name=\"acf_company\" required minlength=\"2\" maxlength=\"50\"\n            value=\"\">\n        <\/div>\n        <div class=\"input-content\"><\/div>\n          <\/div>\n\n    <div class=\"input-container\">\n      <div class=\"input-content\">\n        <label>Pr\u00e9nom<\/label>\n        <input type=\"text\" name=\"acf_firstname\" required minlength=\"2\" maxlength=\"50\"\n          value=\"\">\n      <\/div>\n      <div class=\"input-content\">\n        <label>Nom<\/label>\n        <input type=\"text\" name=\"acf_lastname\" required minlength=\"2\" maxlength=\"50\"\n          value=\"\">\n      <\/div>\n    <\/div>\n\n    <div class=\"input-container\">\n      <div class=\"input-content\">\n        <label>Num\u00e9ro de t\u00e9l\u00e9phone<\/label>\n        <input type=\"text\" name=\"acf_phone\" required minlength=\"4\" maxlength=\"20\"\n          value=\"\">\n      <\/div>\n      <div class=\"input-content\">\n        <label>Adresse mail<\/label>\n        <input type=\"email\" name=\"acf_mail\" required maxlength=\"80\"\n          value=\"\">\n      <\/div>\n    <\/div>\n\n    <div class=\"input-container\">\n      <div class=\"input-content\">\n                  <label>Activit\u00e9<\/label>\n          <input type=\"text\" name=\"acf_activity\" required minlength=\"2\" maxlength=\"100\"\n            value=\"\">\n              <\/div>\n\n      <div class=\"input-content\">\n        <label>Ville de l'activit\u00e9<\/label>\n        <input type=\"text\" name=\"acf_city\" required minlength=\"2\" maxlength=\"50\"\n          value=\"\">\n      <\/div>\n    <\/div>\n\n    <div class=\"input-container\">\n      <div class=\"input-content\">\n        <label>N\u00b0 Personnes<\/label>\n        <div class=\"nb-person\">\n          <input type=\"number\" name=\"acf_people\"\n            value=\"20\" required min=\"1\"\n            max=\"999\">\n\n                  <\/div>\n      <\/div>\n\n      <div class=\"input-content\">\n        <label>Date<\/label>\n        <input type=\"date\" name=\"acf_date\" required\n          value=\"\">\n      <\/div>\n    <\/div>\n\n    <div class=\"input-container\">\n      <div class=\"input-content\">\n        <label>Message<\/label>\n        <textarea name=\"acf_message\" rows=\"7\" required minlength=\"20\" maxlength=\"500\"><\/textarea>\n      <\/div>\n    <\/div>\n\n    <button type=\"submit\" name=\"acf_send_form\" class=\"button\">\n      Envoyer    <\/button>\n\n  <\/form>\n\n  <style>\n    .acf-form {\n      display: flex;\n      flex-direction: column;\n      gap: 15px;\n      border: 3px solid black;\n      border-radius: 8px;\n      max-width: 600px;\n      color: var(--wp--preset--color--base);\n      padding: 15px;\n      box-sizing: border-box;\n      width: 100%;\n    }\n\n    .acf-form .input-container {\n      z-index: 2;\n      display: flex;\n      flex-wrap: wrap;\n      flex-direction: row;\n      gap: 15px;\n    }\n\n    .input-content {\n      flex: 1 0 200px;\n      display: flex;\n      flex-direction: column;\n    }\n\n    .input-content label {\n      text-transform: uppercase;\n      font-weight: 600;\n    }\n\n    .acf-form input,\n    .acf-form textarea,\n    .acf-form select {\n      padding: 10px;\n      border: 2px solid black;\n      border-radius: 8px;\n      background-color: var(--wp--preset--color--base);\n    }\n\n    .acf-form button,\n    .result-nb-person {\n      border-radius: 0.5rem;\n      border: 2px solid var(--wp--preset--color--contrast);\n      background-color: var(--wp--preset--color--btn-contrast-1);\n      color: var(--wp--preset--color--base);\n      padding: 0.5rem 2.25rem;\n      font-size: var(--wp--preset--font-size--medium);\n      text-transform: uppercase;\n      line-height: 1.5;\n      font-weight: 700;\n      cursor: pointer;\n    }\n\n    .acf-form .nb-person {\n      display: flex;\n      flex-direction: row;\n      flex-wrap: nowrap;\n      gap: 5px;\n    }\n\n    .nb-person input {\n      flex: 1 0 auto;\n      width: 5ch;\n      height: fit-content;\n    }\n\n    .result-nb-person {\n      cursor: initial;\n      font-size: initial;\n      text-transform: none;\n      padding: 5px 8px;\n    }\n\n    .acf-form .feedback {\n      color: green;\n      padding: 8px;\n      border-radius: 8px;\n      background-color: var(--wp--preset--color--base);\n    }\n  <\/style>\n\n  \n<\/div>\n<\/div>\n\n\n\n<div class=\"wp-block-column is-vertically-aligned-stretch is-layout-flow wp-block-column-is-layout-flow\" style=\"flex-basis:50%\">\n<div class=\"wp-block-cover is-light has-custom-content-position is-position-bottom-center\" style=\"padding-top:var(--wp--preset--spacing--80);min-height:100%;aspect-ratio:unset;\"><img loading=\"lazy\" decoding=\"async\" width=\"999\" height=\"547\" class=\"wp-block-cover__image-background wp-image-99\" alt=\"\" src=\"https:\/\/impalaya8380.live-website.com\/wp-content\/uploads\/2026\/01\/map.webp\" style=\"object-position:50% 53%\" data-object-fit=\"cover\" data-object-position=\"50% 53%\" srcset=\"https:\/\/impalaya.com\/wp-content\/uploads\/2026\/01\/map.webp 999w, https:\/\/impalaya.com\/wp-content\/uploads\/2026\/01\/map-300x164.webp 300w, https:\/\/impalaya.com\/wp-content\/uploads\/2026\/01\/map-768x421.webp 768w\" sizes=\"auto, (max-width: 999px) 100vw, 999px\" \/><span aria-hidden=\"true\" class=\"wp-block-cover__background has-background-dim-0 has-background-dim\"><\/span><div class=\"wp-block-cover__inner-container is-layout-flow wp-container-core-cover-is-layout-80e21834 wp-block-cover-is-layout-flow\">\n<div style=\"height:100px\" aria-hidden=\"true\" class=\"wp-block-spacer\"><\/div>\n\n\n\n<div class=\"wp-block-group is-content-justification-center is-nowrap is-layout-flex wp-container-core-group-is-layout-8d2dfc87 wp-block-group-is-layout-flex\" style=\"margin-top:var(--wp--preset--spacing--80)\"><div class=\"wp-block-group has-border-color has-contrast-border-color has-bright-bg-background-color has-background is-content-justification-left is-nowrap is-layout-flex wp-container-core-group-is-layout-f92f197a wp-block-group-is-layout-flex\" style=\"border-width:3px;border-top-left-radius:8px;border-top-right-radius:8px;border-bottom-left-radius:8px;border-bottom-right-radius:8px;padding-top:var(--wp--preset--spacing--30);padding-right:var(--wp--preset--spacing--30);padding-bottom:var(--wp--preset--spacing--30);padding-left:var(--wp--preset--spacing--30)\">\n<div class=\"wp-block-group is-vertical is-content-justification-stretch is-layout-flex wp-container-core-group-is-layout-353c4f5a wp-block-group-is-layout-flex\"><div class=\"wp-block-group has-border-color has-contrast-border-color has-base-color has-text-color has-background has-link-color wp-elements-3f607c3ab0be5013ddc37a452350a4b6 is-content-justification-left is-nowrap is-layout-flex wp-container-core-group-is-layout-a7e7e4ec wp-block-group-is-layout-flex\" style=\"border-width:3px;border-top-left-radius:8px;border-top-right-radius:8px;border-bottom-left-radius:8px;border-bottom-right-radius:8px;background-color:#00bf63;padding-top:var(--wp--preset--spacing--20);padding-right:var(--wp--preset--spacing--30);padding-bottom:var(--wp--preset--spacing--20);padding-left:var(--wp--preset--spacing--30)\">\n<figure class=\"wp-block-image size-full\"><img loading=\"lazy\" decoding=\"async\" width=\"27\" height=\"27\" src=\"https:\/\/impalaya8380.live-website.com\/wp-content\/uploads\/2026\/01\/whatsapp.webp\" alt=\"\" class=\"wp-image-109\"\/><\/figure>\n\n\n\n<p class=\"has-text-align-center wp-container-content-9cfa9a5a\"><strong><a href=\"https:\/\/wa.me\/34613071919\" data-type=\"link\" data-id=\"https:\/\/wa.me\/34613071919\" target=\"_blank\" rel=\"noreferrer noopener\">WHATSAPP<\/a><\/strong><\/p>\n<\/div>\n\n<div class=\"wp-block-group has-border-color has-contrast-border-color has-base-color has-btn-contrast-1-background-color has-text-color has-background has-link-color wp-elements-1a5a1188fdc594287eccc8111d876c8f is-content-justification-left is-nowrap is-layout-flex wp-container-core-group-is-layout-e0bd20a3 wp-block-group-is-layout-flex\" style=\"border-width:3px;border-top-left-radius:8px;border-top-right-radius:8px;border-bottom-left-radius:8px;border-bottom-right-radius:8px;padding-top:var(--wp--preset--spacing--20);padding-right:var(--wp--preset--spacing--30);padding-bottom:var(--wp--preset--spacing--20);padding-left:var(--wp--preset--spacing--30)\">\n<figure class=\"wp-block-image size-full\"><img loading=\"lazy\" decoding=\"async\" width=\"30\" height=\"22\" src=\"https:\/\/impalaya8380.live-website.com\/wp-content\/uploads\/2026\/01\/Design-sans-titre-3_Webp.webp\" alt=\"\" class=\"wp-image-1372\"\/><\/figure>\n\n\n\n<p class=\"has-text-align-center wp-container-content-9cfa9a5a\"><strong><a href=\"mailto:INFO@IMPALAYA.COM\" target=\"_blank\" rel=\"noreferrer noopener\">info@impalaya.com<\/a><\/strong><\/p>\n<\/div><\/div>\n\n\n\n<div class=\"wp-block-group is-vertical is-layout-flex wp-container-core-group-is-layout-4b827052 wp-block-group-is-layout-flex\">\n<p class=\"has-text-align-left has-large-font-size\"><strong>IMPALAYA<\/strong> <strong>TEAM BUILDING<\/strong><\/p>\n\n\n\n<p class=\"has-text-align-left\">Carrer Rafael Casanova 39,<\/p>\n\n\n\n<p class=\"has-text-align-left\">08918 BADALONA<\/p>\n\n\n\n<p class=\"has-text-align-left\">ESPA\u00d1A<\/p>\n<\/div>\n<\/div><\/div>\n<\/div><\/div>\n<\/div>\n<\/div>","protected":false},"excerpt":{"rendered":"<p>Je m\u2019appelle Willy et je suis passionn\u00e9 par le team building depuis pr\u00e8s de dix ans. Au cours de cette d\u00e9cennie, j\u2019ai eu l\u2019opportunit\u00e9 de renforcer la coh\u00e9sion d\u2019\u00e9quipes diverses gr\u00e2ce \u00e0 des exp\u00e9riences uniques et inoubliables, combinant plaisir, cr\u00e9ativit\u00e9 et apprentissage. Cette passion et cette exp\u00e9rience m\u2019ont conduit \u00e0 cr\u00e9er Impalaya, avec pour objectif [&hellip;]<\/p>\n","protected":false},"author":1,"featured_media":0,"parent":0,"menu_order":0,"comment_status":"closed","ping_status":"closed","template":"pages","meta":{"footnotes":""},"class_list":["post-20","page","type-page","status-publish","hentry"],"_links":{"self":[{"href":"https:\/\/impalaya.com\/fr\/wp-json\/wp\/v2\/pages\/20","targetHints":{"allow":["GET"]}}],"collection":[{"href":"https:\/\/impalaya.com\/fr\/wp-json\/wp\/v2\/pages"}],"about":[{"href":"https:\/\/impalaya.com\/fr\/wp-json\/wp\/v2\/types\/page"}],"author":[{"embeddable":true,"href":"https:\/\/impalaya.com\/fr\/wp-json\/wp\/v2\/users\/1"}],"replies":[{"embeddable":true,"href":"https:\/\/impalaya.com\/fr\/wp-json\/wp\/v2\/comments?post=20"}],"version-history":[{"count":22,"href":"https:\/\/impalaya.com\/fr\/wp-json\/wp\/v2\/pages\/20\/revisions"}],"predecessor-version":[{"id":2643,"href":"https:\/\/impalaya.com\/fr\/wp-json\/wp\/v2\/pages\/20\/revisions\/2643"}],"wp:attachment":[{"href":"https:\/\/impalaya.com\/fr\/wp-json\/wp\/v2\/media?parent=20"}],"curies":[{"name":"wp","href":"https:\/\/api.w.org\/{rel}","templated":true}]}}