{"id":18,"date":"2026-01-19T11:22:45","date_gmt":"2026-01-19T11:22:45","guid":{"rendered":"https:\/\/impalaya8380.live-website.com\/en\/?page_id=18"},"modified":"2026-02-24T16:04:03","modified_gmt":"2026-02-24T16:04:03","slug":"proyectos","status":"publish","type":"page","link":"https:\/\/impalaya.com\/fr\/proyectos\/","title":{"rendered":"PROJETS"},"content":{"rendered":"\n<p class=\"has-text-align-center\" style=\"padding-top:var(--wp--preset--spacing--30);padding-bottom:var(--wp--preset--spacing--30)\"><strong>Nous travaillons pour des clients du monde entier.<\/strong><br>Chez Impalaya, nous proposons un catalogue vari\u00e9 d\u2019activit\u00e9s de team building en Espagne, adapt\u00e9es \u00e0 tous les types d\u2019\u00e9quipes et d\u2019\u00e9v\u00e9nements. <br>De nombreuses agences et entreprises ont d\u00e9j\u00e0 fait confiance \u00e0 notre expertise et exp\u00e9rience, garantissant des exp\u00e9riences m\u00e9morables et de qualit\u00e9 pour chaque participant.<\/p>\n\n\n\n<div class=\"wp-block-group is-vertical is-content-justification-center is-layout-flex wp-container-core-group-is-layout-3792675b wp-block-group-is-layout-flex\" style=\"margin-top:var(--wp--preset--spacing--50);margin-bottom:var(--wp--preset--spacing--50);padding-top:0;padding-bottom:0\">\n<div class=\"wp-block-group is-content-justification-center is-nowrap is-layout-flex wp-container-core-group-is-layout-36e63d03 wp-block-group-is-layout-flex\">\n<figure class=\"wp-block-image size-full\"><img loading=\"lazy\" decoding=\"async\" width=\"150\" height=\"115\" src=\"https:\/\/impalaya8380.live-website.com\/wp-content\/uploads\/2026\/01\/Untitled-1_Webp.webp\" alt=\"\" class=\"wp-image-1267\"\/><\/figure>\n\n\n\n<figure class=\"wp-block-image size-full\"><img loading=\"lazy\" decoding=\"async\" width=\"150\" height=\"113\" src=\"https:\/\/impalaya8380.live-website.com\/wp-content\/uploads\/2026\/01\/Prosus_apr10_k186PkW_Webp.webp\" alt=\"\" class=\"wp-image-1276\"\/><\/figure>\n\n\n\n<figure class=\"wp-block-image size-full\"><img loading=\"lazy\" decoding=\"async\" width=\"150\" height=\"115\" src=\"https:\/\/impalaya8380.live-website.com\/wp-content\/uploads\/2026\/01\/microsoft_Webp.webp\" alt=\"\" class=\"wp-image-1265\"\/><\/figure>\n\n\n\n<figure class=\"wp-block-image size-full\"><img loading=\"lazy\" decoding=\"async\" width=\"150\" height=\"128\" src=\"https:\/\/impalaya8380.live-website.com\/wp-content\/uploads\/2026\/01\/carel-logo_Webp.webp\" alt=\"\" class=\"wp-image-1261\"\/><\/figure>\n\n\n\n<figure class=\"wp-block-image size-full\"><img loading=\"lazy\" decoding=\"async\" width=\"150\" height=\"115\" src=\"https:\/\/impalaya8380.live-website.com\/wp-content\/uploads\/2026\/01\/Prosus-2_Webp.webp\" alt=\"\" class=\"wp-image-1282\"\/><\/figure>\n<\/div>\n<\/div>\n\n\n<div class=\"wp-block-query has-global-padding is-layout-constrained wp-container-core-query-is-layout-12243e0f wp-block-query-is-layout-constrained\"><ul style=\"padding-top:0;padding-bottom:0;padding-left:0;padding-right:var(--wp--preset--spacing--50);margin-right:0;margin-left:0;margin-top:0;margin-bottom:0;\" class=\"alignwide wp-block-post-template is-layout-grid wp-container-core-post-template-is-layout-c1b71a23 wp-block-post-template-is-layout-grid\"><li class=\"wp-block-post post-1659 project type-project status-publish has-post-thumbnail hentry\">\n\n<div class=\"wp-block-group post-card has-border-color has-base-background-color has-background is-vertical is-content-justification-stretch is-layout-flex wp-container-core-group-is-layout-b9c3b74c wp-block-group-is-layout-flex\" style=\"border-color:#111111;border-width:3px;border-top-left-radius:8px;border-top-right-radius:8px;border-bottom-left-radius:8px;border-bottom-right-radius:8px;min-height:100%;margin-top:0;margin-bottom:0;padding-top:0;padding-right:0;padding-bottom:0;padding-left:0\"><figure style=\"width:100%;height:200px;\" class=\"wp-block-post-featured-image\"><img loading=\"lazy\" decoding=\"async\" width=\"1280\" height=\"720\" src=\"https:\/\/impalaya.com\/wp-content\/uploads\/2026\/02\/Slide2_Webp.webp\" class=\"attachment-full size-full wp-post-image\" alt=\"Participants in the New Music Challenge during corporate show quiz in Barcelona\" style=\"border-top-left-radius:4px;border-top-right-radius:4px;border-bottom-left-radius:4px;border-bottom-right-radius:4px;height:200px;object-fit:cover;\" srcset=\"https:\/\/impalaya.com\/wp-content\/uploads\/2026\/02\/Slide2_Webp.webp 1280w, https:\/\/impalaya.com\/wp-content\/uploads\/2026\/02\/Slide2_Webp-300x169.webp 300w, https:\/\/impalaya.com\/wp-content\/uploads\/2026\/02\/Slide2_Webp-1024x576.webp 1024w, https:\/\/impalaya.com\/wp-content\/uploads\/2026\/02\/Slide2_Webp-768x432.webp 768w\" sizes=\"auto, (max-width: 1280px) 100vw, 1280px\" \/><\/figure>\n\n<div style=\"margin-top:0;margin-bottom:0;margin-left:0;margin-right:0;\" class=\"has-text-align-center wp-block-post-excerpt has-background has-base-background-color\"><p class=\"wp-block-post-excerpt__excerpt\">Show Quiz de team building para fusionar equipos internacionales.<\/p><p class=\"wp-block-post-excerpt__more-text\"><a class=\"wp-block-post-excerpt__more-link\" href=\"https:\/\/impalaya.com\/fr\/project\/yusen-logistics\/\"><br><\/a><\/p><\/div>\n\n<a class=\"post-card__link wp-block-read-more\" href=\"https:\/\/impalaya.com\/fr\/project\/yusen-logistics\/\" target=\"_self\">Lire la suite<span class=\"screen-reader-text\">\u00a0: YUSEN LOGISTICS<\/span><\/a>\n\n\n<div aria-hidden=\"true\" class=\"wp-block-spacer wp-container-content-9cfa9a5a\"><\/div>\n\n\n\n<div class=\"wp-block-group has-bright-bg-background-color has-background is-content-justification-center is-nowrap is-layout-flex wp-container-core-group-is-layout-0c51c6ad wp-block-group-is-layout-flex\" style=\"margin-top:0;margin-bottom:0;padding-top:var(--wp--preset--spacing--20);padding-right:0;padding-bottom:var(--wp--preset--spacing--20);padding-left:0\"><div class=\"wp-block-theme-project-icon \"><img loading=\"lazy\" decoding=\"async\" width=\"150\" height=\"133\" src=\"https:\/\/impalaya.com\/wp-content\/uploads\/2026\/02\/Untitled-4_Webp.webp\" class=\"project-icon\" alt=\"\" \/><\/div><\/div>\n<\/div>\n\n<\/li><li class=\"wp-block-post post-1650 project type-project status-publish has-post-thumbnail hentry\">\n\n<div class=\"wp-block-group post-card has-border-color has-base-background-color has-background is-vertical is-content-justification-stretch is-layout-flex wp-container-core-group-is-layout-b9c3b74c wp-block-group-is-layout-flex\" style=\"border-color:#111111;border-width:3px;border-top-left-radius:8px;border-top-right-radius:8px;border-bottom-left-radius:8px;border-bottom-right-radius:8px;min-height:100%;margin-top:0;margin-bottom:0;padding-top:0;padding-right:0;padding-bottom:0;padding-left:0\"><figure style=\"width:100%;height:200px;\" class=\"wp-block-post-featured-image\"><img loading=\"lazy\" decoding=\"async\" width=\"1920\" height=\"1080\" src=\"https:\/\/impalaya.com\/wp-content\/uploads\/2026\/02\/Untitled-5_Webp.webp\" class=\"attachment-full size-full wp-post-image\" alt=\"Team participating in corporate Beach Olympics in Barcelona\" style=\"border-top-left-radius:4px;border-top-right-radius:4px;border-bottom-left-radius:4px;border-bottom-right-radius:4px;height:200px;object-fit:cover;\" srcset=\"https:\/\/impalaya.com\/wp-content\/uploads\/2026\/02\/Untitled-5_Webp.webp 1920w, https:\/\/impalaya.com\/wp-content\/uploads\/2026\/02\/Untitled-5_Webp-300x169.webp 300w, https:\/\/impalaya.com\/wp-content\/uploads\/2026\/02\/Untitled-5_Webp-1024x576.webp 1024w, https:\/\/impalaya.com\/wp-content\/uploads\/2026\/02\/Untitled-5_Webp-768x432.webp 768w, https:\/\/impalaya.com\/wp-content\/uploads\/2026\/02\/Untitled-5_Webp-1536x864.webp 1536w\" sizes=\"auto, (max-width: 1920px) 100vw, 1920px\" \/><\/figure>\n\n<div style=\"margin-top:0;margin-bottom:0;margin-left:0;margin-right:0;\" class=\"has-text-align-center wp-block-post-excerpt has-background has-base-background-color\"><p class=\"wp-block-post-excerpt__excerpt\">Evento corporativo en Calafell: olimpiadas en la playa para 100 participantes.<\/p><p class=\"wp-block-post-excerpt__more-text\"><a class=\"wp-block-post-excerpt__more-link\" href=\"https:\/\/impalaya.com\/fr\/project\/wabtec\/\"><br><\/a><\/p><\/div>\n\n<a class=\"post-card__link wp-block-read-more\" href=\"https:\/\/impalaya.com\/fr\/project\/wabtec\/\" target=\"_self\">Lire la suite<span class=\"screen-reader-text\">\u00a0: WABTEC<\/span><\/a>\n\n\n<div aria-hidden=\"true\" class=\"wp-block-spacer wp-container-content-9cfa9a5a\"><\/div>\n\n\n\n<div class=\"wp-block-group has-bright-bg-background-color has-background is-content-justification-center is-nowrap is-layout-flex wp-container-core-group-is-layout-0c51c6ad wp-block-group-is-layout-flex\" style=\"margin-top:0;margin-bottom:0;padding-top:var(--wp--preset--spacing--20);padding-right:0;padding-bottom:var(--wp--preset--spacing--20);padding-left:0\"><div class=\"wp-block-theme-project-icon \"><img loading=\"lazy\" decoding=\"async\" width=\"150\" height=\"126\" src=\"https:\/\/impalaya.com\/wp-content\/uploads\/2026\/02\/Untitled-3_Webp.webp\" class=\"project-icon\" alt=\"\" \/><\/div><\/div>\n<\/div>\n\n<\/li><li class=\"wp-block-post post-390 project type-project status-publish has-post-thumbnail hentry\">\n\n<div class=\"wp-block-group post-card has-border-color has-base-background-color has-background is-vertical is-content-justification-stretch is-layout-flex wp-container-core-group-is-layout-b9c3b74c wp-block-group-is-layout-flex\" style=\"border-color:#111111;border-width:3px;border-top-left-radius:8px;border-top-right-radius:8px;border-bottom-left-radius:8px;border-bottom-right-radius:8px;min-height:100%;margin-top:0;margin-bottom:0;padding-top:0;padding-right:0;padding-bottom:0;padding-left:0\"><figure style=\"width:100%;height:200px;\" class=\"wp-block-post-featured-image\"><img loading=\"lazy\" decoding=\"async\" width=\"960\" height=\"720\" src=\"https:\/\/impalaya.com\/wp-content\/uploads\/2026\/01\/width_960.webp\" class=\"attachment-full size-full wp-post-image\" alt=\"Team taking a photo during a corporate Urban Escape in Barcelona\" style=\"border-top-left-radius:4px;border-top-right-radius:4px;border-bottom-left-radius:4px;border-bottom-right-radius:4px;height:200px;object-fit:cover;\" srcset=\"https:\/\/impalaya.com\/wp-content\/uploads\/2026\/01\/width_960.webp 960w, https:\/\/impalaya.com\/wp-content\/uploads\/2026\/01\/width_960-300x225.webp 300w, https:\/\/impalaya.com\/wp-content\/uploads\/2026\/01\/width_960-768x576.webp 768w\" sizes=\"auto, (max-width: 960px) 100vw, 960px\" \/><\/figure>\n\n<div style=\"margin-top:0;margin-bottom:0;margin-left:0;margin-right:0;\" class=\"has-text-align-center wp-block-post-excerpt has-background has-base-background-color\"><p class=\"wp-block-post-excerpt__excerpt\">Cas client : Team Building International \u00e0 Barcelone pour 250 Participants<\/p><p class=\"wp-block-post-excerpt__more-text\"><a class=\"wp-block-post-excerpt__more-link\" href=\"https:\/\/impalaya.com\/fr\/project\/linktree\/\"><br><\/a><\/p><\/div>\n\n<a class=\"post-card__link wp-block-read-more\" href=\"https:\/\/impalaya.com\/fr\/project\/linktree\/\" target=\"_self\">Lire la suite<span class=\"screen-reader-text\">\u00a0: LIMAGRAIN<\/span><\/a>\n\n\n<div aria-hidden=\"true\" class=\"wp-block-spacer wp-container-content-9cfa9a5a\"><\/div>\n\n\n\n<div class=\"wp-block-group has-bright-bg-background-color has-background is-content-justification-center is-nowrap is-layout-flex wp-container-core-group-is-layout-0c51c6ad wp-block-group-is-layout-flex\" style=\"margin-top:0;margin-bottom:0;padding-top:var(--wp--preset--spacing--20);padding-right:0;padding-bottom:var(--wp--preset--spacing--20);padding-left:0\"><div class=\"wp-block-theme-project-icon \"><img loading=\"lazy\" decoding=\"async\" width=\"150\" height=\"115\" src=\"https:\/\/impalaya.com\/wp-content\/uploads\/2026\/01\/Untitled-13_Webp.webp\" class=\"project-icon\" alt=\"\" \/><\/div><\/div>\n<\/div>\n\n<\/li><\/ul>\n\n<\/div>\n\n\n<div class=\"wp-block-buttons is-content-justification-center is-layout-flex wp-container-core-buttons-is-layout-a89b3969 wp-block-buttons-is-layout-flex\">\n<div class=\"wp-block-button\"><a class=\"wp-block-button__link wp-element-button\" href=\"https:\/\/impalaya.com\/fr\/actividades\/\">Voir nos team building<\/a><\/div>\n<\/div>\n\n\n\n<p><\/p>\n","protected":false},"excerpt":{"rendered":"<p>Nous travaillons pour des clients du monde entier.Chez Impalaya, nous proposons un catalogue vari\u00e9 d\u2019activit\u00e9s de team building en Espagne, adapt\u00e9es \u00e0 tous les types d\u2019\u00e9quipes et d\u2019\u00e9v\u00e9nements. De nombreuses agences et entreprises ont d\u00e9j\u00e0 fait confiance \u00e0 notre expertise et exp\u00e9rience, garantissant des exp\u00e9riences m\u00e9morables et de qualit\u00e9 pour chaque participant.<\/p>\n","protected":false},"author":1,"featured_media":0,"parent":0,"menu_order":0,"comment_status":"closed","ping_status":"closed","template":"pages","meta":{"footnotes":""},"class_list":["post-18","page","type-page","status-publish","hentry"],"_links":{"self":[{"href":"https:\/\/impalaya.com\/fr\/wp-json\/wp\/v2\/pages\/18","targetHints":{"allow":["GET"]}}],"collection":[{"href":"https:\/\/impalaya.com\/fr\/wp-json\/wp\/v2\/pages"}],"about":[{"href":"https:\/\/impalaya.com\/fr\/wp-json\/wp\/v2\/types\/page"}],"author":[{"embeddable":true,"href":"https:\/\/impalaya.com\/fr\/wp-json\/wp\/v2\/users\/1"}],"replies":[{"embeddable":true,"href":"https:\/\/impalaya.com\/fr\/wp-json\/wp\/v2\/comments?post=18"}],"version-history":[{"count":23,"href":"https:\/\/impalaya.com\/fr\/wp-json\/wp\/v2\/pages\/18\/revisions"}],"predecessor-version":[{"id":2635,"href":"https:\/\/impalaya.com\/fr\/wp-json\/wp\/v2\/pages\/18\/revisions\/2635"}],"wp:attachment":[{"href":"https:\/\/impalaya.com\/fr\/wp-json\/wp\/v2\/media?parent=18"}],"curies":[{"name":"wp","href":"https:\/\/api.w.org\/{rel}","templated":true}]}}