{"id":12,"date":"2026-01-19T11:18:23","date_gmt":"2026-01-19T11:18:23","guid":{"rendered":"https:\/\/impalaya8380.live-website.com\/en\/?page_id=12"},"modified":"2026-03-23T18:30:31","modified_gmt":"2026-03-23T18:30:31","slug":"actividades","status":"publish","type":"page","link":"https:\/\/impalaya.com\/fr\/actividades\/","title":{"rendered":"ACTIVIT\u00c9S"},"content":{"rendered":"\n<div class=\"wp-block-columns apply-gradient has-purple-bg-background-color has-background is-layout-flex wp-container-core-columns-is-layout-fea799d0 wp-block-columns-is-layout-flex\" style=\"margin-top:0;margin-bottom:0;padding-top:var(--wp--preset--spacing--30);padding-right:var(--wp--preset--spacing--50);padding-bottom:var(--wp--preset--spacing--30);padding-left:var(--wp--preset--spacing--50)\">\n<div class=\"wp-block-column is-vertically-aligned-center is-layout-flow wp-block-column-is-layout-flow\" style=\"flex-basis:25%\"><\/div>\n\n\n\n<div class=\"wp-block-column is-vertically-aligned-center is-layout-flow wp-container-core-column-is-layout-92d440f1 wp-block-column-is-layout-flow\" style=\"padding-top:0;padding-bottom:0;flex-basis:50%\">\n<h1 class=\"wp-block-heading has-text-align-center has-base-color has-text-color has-link-color wp-elements-a4930968a830568506d30c680b2814d3\" style=\"font-style:normal;font-weight:600;line-height:0\"><strong>activit\u00e9s<\/strong><\/h1>\n<\/div>\n\n\n\n<div class=\"wp-block-column is-vertically-aligned-center is-layout-flow wp-block-column-is-layout-flow\" style=\"flex-basis:25%\">\n<div class=\"wp-block-group is-content-justification-center is-nowrap is-layout-flex wp-container-core-group-is-layout-23441af8 wp-block-group-is-layout-flex\"><form id=\"search-form\" method=\"get\" action=\"https:\/\/impalaya.com\/fr\/\" class=\"search-bar search-bar--default\">\n  <div class=\"field-block search-field\">\n    <div class=\"search-field-append\">\n      <button type=\"submit\" class=\"search-submit-btn\">\n        <img decoding=\"async\" src=\"https:\/\/impalaya.com\/wp-content\/themes\/impalaya-rebrand\/assets\/images\/search.svg\" class=\"search-field-search-icon\" alt=\"Search\" \/>\n      <\/button>\n    <\/div>\n    <input type=\"text\" name=\"s\" id=\"search\" placeholder=\"Rechercher une activit\u00e9\" value=\"\">\n  <\/div>\n<\/form>\n<\/div>\n<\/div>\n<\/div>\n\n\n\n<div class=\"wp-block-group has-bright-bg-background-color has-background is-vertical is-content-justification-stretch is-layout-flex wp-container-core-group-is-layout-353c4f5a wp-block-group-is-layout-flex\">\n<p class=\"has-text-align-center\">Trouvez l&rsquo;activit\u00e9 id\u00e9ale pour votre \u00e9v\u00e9nement parmi nos 12 activit\u00e9s originales. Toutes nos activit\u00e9s sont de production propre. Nos m\u00e9thodes de jeu et nos processus collaboratifs garantissent la r\u00e9alisation de vos objectifs.<\/p>\n\n\n\n<div class=\"wp-block-group has-bright-bg-background-color has-background is-content-justification-space-between is-nowrap is-layout-flex wp-container-core-group-is-layout-96692ee4 wp-block-group-is-layout-flex\" style=\"margin-top:0;margin-bottom:0;padding-top:0;padding-right:var(--wp--preset--spacing--30);padding-bottom:0;padding-left:var(--wp--preset--spacing--30)\"><form id=\"activity-filter\" class=\"activity-form\">\n\n  <div class=\"wp-block-buttons lista-mapa-btns\">\n    <div class=\"wp-block-button\"><a class=\"wp-block-button__link wp-element-button active\" id=\"filter-lista-btn\">LISTE<\/a><\/div>\n    <div class=\"wp-block-button\"><a class=\"wp-block-button__link wp-element-button\" id=\"filter-mapa-btn\">CARTE<\/a><\/div>\n  <\/div>\n\n  <div class=\"field-block search-field\">\n    <input type=\"text\" id=\"search_bar\" name=\"search_bar\" placeholder=\"Rechercher une activit\u00e9\">\n  <\/div>\n\n  <div class=\"field-block price-field\">\n    <label class=\"field-block-title\">PRIX<\/label>\n    <input type=\"range\" min=\"15\" class=\"custom-range\" max=\"200\" name=\"price_max\" step=\"5\" value=\"200\" list=\"markers\"\n      oninput=\"document.getElementById('price-value').textContent = this.value\">\n    <div>15 &#8211; <span id=\"price-value\">200<\/span>\u20ac \/ personne<\/div>\n  <\/div>\n\n  <div class=\"field-block\">\n    <label class=\"field-block-title\">Nombre de participants<\/label>\n          <div>\n        <input type=\"checkbox\" class=\"styled-checkbox\" id=\"part_1-15\"\n          name=\"part_1-15\" \/>\n        <label for=\"part_1-15\">\n          1 &#8211; 15        <\/label>\n      <\/div>\n          <div>\n        <input type=\"checkbox\" class=\"styled-checkbox\" id=\"part_16-30\"\n          name=\"part_16-30\" \/>\n        <label for=\"part_16-30\">\n          16 &#8211; 30        <\/label>\n      <\/div>\n          <div>\n        <input type=\"checkbox\" class=\"styled-checkbox\" id=\"part_31-100\"\n          name=\"part_31-100\" \/>\n        <label for=\"part_31-100\">\n          31 &#8211; 100        <\/label>\n      <\/div>\n          <div>\n        <input type=\"checkbox\" class=\"styled-checkbox\" id=\"part_101-300\"\n          name=\"part_101-300\" \/>\n        <label for=\"part_101-300\">\n          101 &#8211; 300        <\/label>\n      <\/div>\n          <div>\n        <input type=\"checkbox\" class=\"styled-checkbox\" id=\"part_300\"\n          name=\"part_300\" \/>\n        <label for=\"part_300\">\n          + 300        <\/label>\n      <\/div>\n      <\/div>\n\n  <div class=\"field-block\">\n    <label class=\"field-block-title\">VILLE<\/label>\n          <div>\n        <input type=\"checkbox\" class=\"styled-checkbox\" id=\"city_barcelona\"\n          name=\"city_barcelona\" \/>\n        <label for=\"city_barcelona\">\n          BARCELONA        <\/label>\n      <\/div>\n          <div>\n        <input type=\"checkbox\" class=\"styled-checkbox\" id=\"city_madrid\"\n          name=\"city_madrid\" \/>\n        <label for=\"city_madrid\">\n          MADRID        <\/label>\n      <\/div>\n          <div>\n        <input type=\"checkbox\" class=\"styled-checkbox\" id=\"city_palma-de-mallorca\"\n          name=\"city_palma-de-mallorca\" \/>\n        <label for=\"city_palma-de-mallorca\">\n          PALMA        <\/label>\n      <\/div>\n          <div>\n        <input type=\"checkbox\" class=\"styled-checkbox\" id=\"city_valencia\"\n          name=\"city_valencia\" \/>\n        <label for=\"city_valencia\">\n          VALENCIA        <\/label>\n      <\/div>\n      <\/div>\n\n  <div class=\"field-block\">\n    <label class=\"field-block-title\">CAT\u00c9GORIE<\/label>\n          <div>\n        <input type=\"checkbox\" class=\"styled-checkbox\" id=\"category_aventuras\"\n          name=\"category_aventuras\" \/>\n        <label for=\"category_aventuras\">\n          AVENTURES        <\/label>\n      <\/div>\n          <div>\n        <input type=\"checkbox\" class=\"styled-checkbox\" id=\"category_challenges\"\n          name=\"category_challenges\" \/>\n        <label for=\"category_challenges\">\n          CHALLENGES        <\/label>\n      <\/div>\n          <div>\n        <input type=\"checkbox\" class=\"styled-checkbox\" id=\"category_fiestas\"\n          name=\"category_fiestas\" \/>\n        <label for=\"category_fiestas\">\n          FIESTAS        <\/label>\n      <\/div>\n          <div>\n        <input type=\"checkbox\" class=\"styled-checkbox\" id=\"category_gastronomia\"\n          name=\"category_gastronomia\" \/>\n        <label for=\"category_gastronomia\">\n          GASTRONOMIE        <\/label>\n      <\/div>\n          <div>\n        <input type=\"checkbox\" class=\"styled-checkbox\" id=\"category_rse\"\n          name=\"category_rse\" \/>\n        <label for=\"category_rse\">\n          RSE        <\/label>\n      <\/div>\n          <div>\n        <input type=\"checkbox\" class=\"styled-checkbox\" id=\"category_workshop\"\n          name=\"category_workshop\" \/>\n        <label for=\"category_workshop\">\n          WORKSHOP        <\/label>\n      <\/div>\n      <\/div>\n\n<\/form>\n\n\n<div id=\"activity-result\" class=\"wp-block-group is-layout-grid wp-container-core-group-is-layout-965512f0 wp-block-group-is-layout-grid\" style=\"padding-right:0;padding-left:0\">\n<p>Buscando&#8230;<\/p>\n<\/div><\/div>\n\n\n\n<div id=\"posts-pagination\" class=\"wp-block-group is-content-justification-center is-layout-flex wp-container-core-group-is-layout-b02886af wp-block-group-is-layout-flex\"><\/div>\n<\/div>\n","protected":false},"excerpt":{"rendered":"<p>activit\u00e9s Trouvez l&rsquo;activit\u00e9 id\u00e9ale pour votre \u00e9v\u00e9nement parmi nos 12 activit\u00e9s originales. Toutes nos activit\u00e9s sont de production propre. Nos m\u00e9thodes de jeu et nos processus collaboratifs garantissent la r\u00e9alisation de vos objectifs.<\/p>\n","protected":false},"author":1,"featured_media":0,"parent":0,"menu_order":0,"comment_status":"closed","ping_status":"closed","template":"archive-activity","meta":{"footnotes":""},"class_list":["post-12","page","type-page","status-publish","hentry"],"_links":{"self":[{"href":"https:\/\/impalaya.com\/fr\/wp-json\/wp\/v2\/pages\/12","targetHints":{"allow":["GET"]}}],"collection":[{"href":"https:\/\/impalaya.com\/fr\/wp-json\/wp\/v2\/pages"}],"about":[{"href":"https:\/\/impalaya.com\/fr\/wp-json\/wp\/v2\/types\/page"}],"author":[{"embeddable":true,"href":"https:\/\/impalaya.com\/fr\/wp-json\/wp\/v2\/users\/1"}],"replies":[{"embeddable":true,"href":"https:\/\/impalaya.com\/fr\/wp-json\/wp\/v2\/comments?post=12"}],"version-history":[{"count":14,"href":"https:\/\/impalaya.com\/fr\/wp-json\/wp\/v2\/pages\/12\/revisions"}],"predecessor-version":[{"id":2666,"href":"https:\/\/impalaya.com\/fr\/wp-json\/wp\/v2\/pages\/12\/revisions\/2666"}],"wp:attachment":[{"href":"https:\/\/impalaya.com\/fr\/wp-json\/wp\/v2\/media?parent=12"}],"curies":[{"name":"wp","href":"https:\/\/api.w.org\/{rel}","templated":true}]}}