{"id":14,"date":"2026-01-19T11:18:46","date_gmt":"2026-01-19T11:18:46","guid":{"rendered":"https:\/\/impalaya8380.live-website.com\/en\/?page_id=14"},"modified":"2026-02-24T16:26:07","modified_gmt":"2026-02-24T16:26:07","slug":"blog","status":"publish","type":"page","link":"https:\/\/impalaya.com\/en\/blog\/","title":{"rendered":"BLOG"},"content":{"rendered":"\n<div class=\"wp-block-group has-base-color has-purple-bg-background-color has-text-color has-background has-link-color wp-elements-8ef3096118bbcc3009c7418370f8290d is-vertical is-content-justification-center is-layout-flex wp-container-core-group-is-layout-b3dc17cf wp-block-group-is-layout-flex\" style=\"padding-top:0;padding-bottom:0\">\n<div class=\"wp-block-group rotated-title cropped is-content-justification-center is-nowrap is-layout-flex wp-container-core-group-is-layout-3c831dab wp-block-group-is-layout-flex\" style=\"padding-top:var(--wp--preset--spacing--30);padding-right:var(--wp--preset--spacing--20);padding-bottom:var(--wp--preset--spacing--20);padding-left:var(--wp--preset--spacing--20)\">\n<h2 class=\"wp-block-heading has-text-align-center has-border-color has-base-color has-text-color has-background has-link-color wp-elements-f30b63678ebe75713e4bb1bc1b8e64e4\" style=\"border-color:#111111;border-radius:15px;background:var(--wp--preset--color--gradient-bg);font-style:normal;font-weight:700\"><strong>CITI<\/strong>ES<\/h2>\n<\/div>\n\n\n\n<p class=\"has-text-align-center\">All our activities can be developed in the place you want. They adapt to all places and can be tailored.<br>Nous vous recommendations quand m\u00eame certificates destinations qui seront adapt\u00e9s a tous.<br>Il faudra am\u00e9liorer le texte.<\/p>\n\n\n\n<div class=\"wp-block-group has-contrast-color has-text-color has-link-color wp-elements-41ba2617bec104134ae442c78c32571f is-content-justification-center is-nowrap is-layout-flex wp-container-core-group-is-layout-23441af8 wp-block-group-is-layout-flex\">  <div class=\"carousel\" data-carousel data-per-pages=\"3\"\n    data-bubble-color=\"bright-bg\" data-paginated=\"false\">\n          <div class=\"carousel-arrow carousel-prev\">\n        <img decoding=\"async\" height=\"20px\" width=\"20px\"\n          src=\"https:\/\/impalaya.com\/wp-content\/themes\/impalaya-rebrand\/assets\/images\/carousel-arrow.svg\"\n          style=\"transform: rotate(180deg);\" \/>\n      <\/div>\n      <div class=\"carousel-arrow carousel-next\">\n        <img decoding=\"async\" height=\"20px\" width=\"20px\"\n          src=\"https:\/\/impalaya.com\/wp-content\/themes\/impalaya-rebrand\/assets\/images\/carousel-arrow.svg\" \/>\n      <\/div>\n              <div class=\"bubbles\"><\/div>\n    \n\n    <div class=\"carousel-track\">\n                                <a href=\"https:\/\/impalaya.com\/en\/city\/barcelona\/\" class=\"carousel-item\"\n            style=\"margin: 0 10px;; background-color: #a13b76;\">\n            <h2>BARCELONA<\/h2>\n            <p>Discover Barcelona: Ideal for Tailored Team Building Experiences Across Beaches, History, and Iconic Architecture<\/p>\n            <div class=\"img-container\">\n              <img decoding=\"async\" src=\"https:\/\/impalaya.com\/wp-content\/uploads\/2026\/01\/barcelona.webp\" \/>\n            <\/div>\n          <\/a>\n                                        <a href=\"https:\/\/impalaya.com\/en\/city\/palma-de-mallorca\/\" class=\"carousel-item\"\n            style=\"margin: 0 10px;; background-color: #683d9a;\">\n            <h2>PALMA<\/h2>\n            <p>Corporate Team Building in Palma de Mallorca: Unique Experiences in a Stunning Paradise Environment<\/p>\n            <div class=\"img-container\">\n              <img decoding=\"async\" src=\"https:\/\/impalaya.com\/wp-content\/uploads\/2026\/01\/9.net_images_68f11d635bc75b19863121da_Webp-scaled.webp\" \/>\n            <\/div>\n          <\/a>\n                                        <a href=\"https:\/\/impalaya.com\/en\/city\/madrid\/\" class=\"carousel-item\"\n            style=\"margin: 0 10px;; background-color: #186ab5;\">\n            <h2>MADRID<\/h2>\n            <p>Corporate Team Building in Madrid: Unique Cultural and Fun Experiences for Teams in Spain\u2019s Capital<\/p>\n            <div class=\"img-container\">\n              <img decoding=\"async\" src=\"https:\/\/impalaya.com\/wp-content\/uploads\/2026\/01\/madrid.webp\" \/>\n            <\/div>\n          <\/a>\n                                        <a href=\"https:\/\/impalaya.com\/en\/city\/valencia\/\" class=\"carousel-item\"\n            style=\"margin: 0 10px;; background-color: #f16e21;\">\n            <h2>VALENCIA<\/h2>\n            <p>Corporate Team Building in Valencia: Unique Experiences Combining Beaches, Modern Architecture, and Gastronomy<\/p>\n            <div class=\"img-container\">\n              <img decoding=\"async\" src=\"https:\/\/impalaya.com\/wp-content\/uploads\/2026\/01\/valencia.webp\" \/>\n            <\/div>\n          <\/a>\n                  <\/div>\n  <\/div>\n  <style>\n    .carousel {\n\tposition: relative;\n\tmax-width: 100%;\n\toverflow: hidden;\n\tpadding: 30px 0 30px 0;\n}\n\n.carousel-track {\n\tdisplay: flex;\n\ttransition: transform 0.4s ease;\n\twill-change: transform;\n\tpadding: 10px 0;\n}\n\n.see-more {\n\tposition: absolute;\n\ttext-align: center;\n\tbottom: 15px;\n\twidth: 100%;\n}\n\n.see-more a {\n\tpadding: 6px 8px;\n\tborder: 3px solid black;\n\tborder-radius: 8px;\n\tbackground-color: var(--wp--preset--color--btn-contrast-1);\n\tcolor: var(--wp--preset--color--base);\n\ttext-transform: uppercase;\n}\n\n.carousel-item {\n\tflex: 0 0 calc(100% \/ 3.8);\n\tmin-width: 325px;\n\tmax-width: 325px;\n\tmin-height: 425px;\n\tmax-height: 425px;\n\tbackground: #fff;\n\tborder-radius: 10px;\n\tbox-shadow: 0 3px 12px rgba(0, 0, 0, 0.08);\n\tborder: 3px solid black;\n\toverflow: hidden;\n\tposition: relative;\n\ttransition:\n\t\ttransform 0.25s ease,\n\t\tcolor 0.25s ease,\n\t\tbackground-color 0.25s ease,\n\t\tborder-color 0.25s ease;\n}\n\n.carousel-item:hover {\n\tbox-shadow:\n\t\trgba(0, 0, 0, 0.16) 0px 10px 36px 0px,\n\t\trgba(0, 0, 0, 0.06) 0px 0px 0px 1px;\n\ttransform: scale(1.0225);\n}\n\n.carousel-item h2 {\n\tbackground-color: var(--wp--preset--color--base);\n\tborder-radius: 16px;\n\tpadding: 10px;\n\tfont-weight: 600;\n\ttext-align: center;\n\tmargin: 20px;\n}\n\n.carousel-item p {\n\ttext-align: center !important;\n\tcolor: var(--wp--preset--color--base);\n\tfont-size: large;\n\tmargin: 20px;\n}\n\n.carousel-item .img-container {\n\theight: 300px;\n\twidth: 100%;\n}\n\n.img-container img {\n\tobject-fit: cover;\n\tmin-width: 100%;\n\tmax-height: 100%;\n}\n\n.carousel-item:hover {\n\tcolor: initial;\n}\n\n.carousel-arrow {\n\tposition: absolute;\n\ttop: 50%;\n\ttransform: translateY(-50%);\n\tz-index: 2;\n\n\twidth: 40px;\n\theight: 40px;\n\n\tbackground: var(--wp--preset--color--btn-contrast-1);\n\n\tborder: 1px solid #ddd;\n\tborder-radius: 8px;\n\tcursor: pointer;\n\n\tdisplay: flex;\n\talign-items: center;\n\tjustify-content: center;\n\n\tuser-select: none;\n\tfont-size: 20px;\n\tfont-weight: bold;\n}\n\n.carousel-arrow img {\n\tfilter: invert(1);\n}\n\n.carousel-prev {\n\tleft: 10px;\n}\n\n.carousel-next {\n\tright: 10px;\n}\n\n.bubbles {\n\tdisplay: flex;\n\tflex-direction: row;\n\tflex-wrap: nowrap;\n\tgap: 10px;\n\tjustify-content: center;\n\tposition: absolute;\n\tbottom: 10px;\n\twidth: 100%;\n\tleft: 0;\n}\n\n.bubble {\n\tborder-radius: 50%;\n\twidth: 1.5rem;\n\theight: 1.5rem;\n\tuser-select: none;\n\tbackground-color: transparent;\n}\n\n.bubble:hover {\n\tcursor: pointer;\n}\n\n.bubble:focus {\n\toutline: none;\n}\n\n.bubble.active:hover {\n\tcursor: initial;\n}\n  <\/style>\n  \n<\/div>\n<\/div>\n","protected":false},"excerpt":{"rendered":"<p>CITIES All our activities can be developed in the place you want. They adapt to all places and can be tailored.Nous vous recommendations quand m\u00eame certificates destinations qui seront adapt\u00e9s a tous.Il faudra am\u00e9liorer le texte.<\/p>\n","protected":false},"author":1,"featured_media":0,"parent":0,"menu_order":0,"comment_status":"closed","ping_status":"closed","template":"blog","meta":{"footnotes":""},"class_list":["post-14","page","type-page","status-publish","hentry"],"_links":{"self":[{"href":"https:\/\/impalaya.com\/en\/wp-json\/wp\/v2\/pages\/14","targetHints":{"allow":["GET"]}}],"collection":[{"href":"https:\/\/impalaya.com\/en\/wp-json\/wp\/v2\/pages"}],"about":[{"href":"https:\/\/impalaya.com\/en\/wp-json\/wp\/v2\/types\/page"}],"author":[{"embeddable":true,"href":"https:\/\/impalaya.com\/en\/wp-json\/wp\/v2\/users\/1"}],"replies":[{"embeddable":true,"href":"https:\/\/impalaya.com\/en\/wp-json\/wp\/v2\/comments?post=14"}],"version-history":[{"count":17,"href":"https:\/\/impalaya.com\/en\/wp-json\/wp\/v2\/pages\/14\/revisions"}],"predecessor-version":[{"id":2647,"href":"https:\/\/impalaya.com\/en\/wp-json\/wp\/v2\/pages\/14\/revisions\/2647"}],"wp:attachment":[{"href":"https:\/\/impalaya.com\/en\/wp-json\/wp\/v2\/media?parent=14"}],"curies":[{"name":"wp","href":"https:\/\/api.w.org\/{rel}","templated":true}]}}